{"id":9326,"date":"2024-04-18T13:53:10","date_gmt":"2024-04-18T16:53:10","guid":{"rendered":"https:\/\/estudiotyt.cl\/?post_type=product&#038;p=9326"},"modified":"2024-04-18T15:10:17","modified_gmt":"2024-04-18T18:10:17","slug":"derecho-de-familia","status":"publish","type":"product","link":"https:\/\/estudiotyt.cl\/index.php\/producto\/derecho-de-familia\/","title":{"rendered":"DERECHO DE FAMILIA"},"content":{"rendered":"","protected":false},"excerpt":{"rendered":"<p>Divorcios de Mutuo Acuerdo, Unilateral, Culposo, Derecho de Alimentos, Relaci\u00f3n Directa y Regular en visitas, Cuidado Personal, Tuici\u00f3n, Reclamaci\u00f3n e Impugnaci\u00f3n de Paternidad.<\/p>\n","protected":false},"featured_media":9349,"template":"","meta":[],"product_cat":[113],"product_tag":[],"acf":[],"_links":{"self":[{"href":"https:\/\/estudiotyt.cl\/index.php\/wp-json\/wp\/v2\/product\/9326"}],"collection":[{"href":"https:\/\/estudiotyt.cl\/index.php\/wp-json\/wp\/v2\/product"}],"about":[{"href":"https:\/\/estudiotyt.cl\/index.php\/wp-json\/wp\/v2\/types\/product"}],"wp:featuredmedia":[{"embeddable":true,"href":"https:\/\/estudiotyt.cl\/index.php\/wp-json\/wp\/v2\/media\/9349"}],"wp:attachment":[{"href":"https:\/\/estudiotyt.cl\/index.php\/wp-json\/wp\/v2\/media?parent=9326"}],"wp:term":[{"taxonomy":"product_cat","embeddable":true,"href":"https:\/\/estudiotyt.cl\/index.php\/wp-json\/wp\/v2\/product_cat?post=9326"},{"taxonomy":"product_tag","embeddable":true,"href":"https:\/\/estudiotyt.cl\/index.php\/wp-json\/wp\/v2\/product_tag?post=9326"}],"curies":[{"name":"wp","href":"https:\/\/api.w.org\/{rel}","templated":true}]}}