{"id":9314,"date":"2024-04-18T13:29:26","date_gmt":"2024-04-18T16:29:26","guid":{"rendered":"https:\/\/estudiotyt.cl\/?post_type=product&#038;p=9314"},"modified":"2024-04-19T18:53:27","modified_gmt":"2024-04-19T21:53:27","slug":"derecho-laboral","status":"publish","type":"product","link":"https:\/\/estudiotyt.cl\/index.php\/producto\/derecho-laboral\/","title":{"rendered":"DERECHO LABORAL"},"content":{"rendered":"","protected":false},"excerpt":{"rendered":"<p>Despido injustificado, nulo e indirecto, Tutela laboral, Accidentes del Trabajo, Prestaciones Adecuadas.<br \/>\n<em> \u00a1Solo pague si gana el juicio!<br \/>\n*V\u00e1lido a juicios por despidos en representaci\u00f3n del trabajador previa evaluaci\u00f3n.<br \/>\n<\/em><\/p>\n","protected":false},"featured_media":9315,"template":"","meta":[],"product_cat":[113],"product_tag":[],"acf":[],"_links":{"self":[{"href":"https:\/\/estudiotyt.cl\/index.php\/wp-json\/wp\/v2\/product\/9314"}],"collection":[{"href":"https:\/\/estudiotyt.cl\/index.php\/wp-json\/wp\/v2\/product"}],"about":[{"href":"https:\/\/estudiotyt.cl\/index.php\/wp-json\/wp\/v2\/types\/product"}],"wp:featuredmedia":[{"embeddable":true,"href":"https:\/\/estudiotyt.cl\/index.php\/wp-json\/wp\/v2\/media\/9315"}],"wp:attachment":[{"href":"https:\/\/estudiotyt.cl\/index.php\/wp-json\/wp\/v2\/media?parent=9314"}],"wp:term":[{"taxonomy":"product_cat","embeddable":true,"href":"https:\/\/estudiotyt.cl\/index.php\/wp-json\/wp\/v2\/product_cat?post=9314"},{"taxonomy":"product_tag","embeddable":true,"href":"https:\/\/estudiotyt.cl\/index.php\/wp-json\/wp\/v2\/product_tag?post=9314"}],"curies":[{"name":"wp","href":"https:\/\/api.w.org\/{rel}","templated":true}]}}